{"id":205,"date":"2023-09-01T18:25:44","date_gmt":"2023-09-01T18:25:44","guid":{"rendered":"http:\/\/transtechinnovations.com\/projets-autobus\/"},"modified":"2023-09-07T17:46:53","modified_gmt":"2023-09-07T17:46:53","slug":"bus-projects","status":"publish","type":"page","link":"https:\/\/transtechinnovations.com\/en\/bus-projects\/","title":{"rendered":"Our Bus Projects"},"content":{"rendered":"","protected":false},"excerpt":{"rendered":"","protected":false},"author":2,"featured_media":0,"parent":0,"menu_order":0,"comment_status":"closed","ping_status":"closed","template":"template-project-bus.php","meta":{"footnotes":""},"class_list":["post-205","page","type-page","status-publish","hentry"],"acf":[],"yoast_head":"<!-- This site is optimized with the Yoast SEO plugin v21.5 - https:\/\/yoast.com\/wordpress\/plugins\/seo\/ -->\n<title>Our Bus Projects | Transtech Innovations<\/title>\n<meta name=\"description\" content=\"Transtech Innovations offre une grande vari\u00e9t\u00e9 de produits durables destin\u00e9s \u00e0 l&#039;industrie des v\u00e9hicules de transport terrestre. Tant pour un dispositif de commande standardis\u00e9 de train, une unit\u00e9 de commande d\u2019autobus personnalis\u00e9e ou tout autre dispositif \u00e9lectronique, laissez-nous d\u00e9velopper une solution adapt\u00e9e sp\u00e9cifiquement \u00e0 vos besoins.\" \/>\n<meta name=\"robots\" content=\"index, follow, max-snippet:-1, max-image-preview:large, max-video-preview:-1\" \/>\n<link rel=\"canonical\" href=\"https:\/\/transtechinnovations.com\/en\/bus-projects\/\" \/>\n<meta property=\"og:locale\" content=\"en_US\" \/>\n<meta property=\"og:type\" content=\"article\" \/>\n<meta property=\"og:title\" content=\"Our Bus Projects | Transtech Innovations\" \/>\n<meta property=\"og:description\" content=\"Transtech Innovations offre une grande vari\u00e9t\u00e9 de produits durables destin\u00e9s \u00e0 l&#039;industrie des v\u00e9hicules de transport terrestre. Tant pour un dispositif de commande standardis\u00e9 de train, une unit\u00e9 de commande d\u2019autobus personnalis\u00e9e ou tout autre dispositif \u00e9lectronique, laissez-nous d\u00e9velopper une solution adapt\u00e9e sp\u00e9cifiquement \u00e0 vos besoins.\" \/>\n<meta property=\"og:url\" content=\"https:\/\/transtechinnovations.com\/en\/bus-projects\/\" \/>\n<meta property=\"og:site_name\" content=\"Transtech Innovations\" \/>\n<meta property=\"article:publisher\" content=\"https:\/\/www.facebook.com\/transtechinnovations.fb\" \/>\n<meta property=\"article:modified_time\" content=\"2023-09-07T17:46:53+00:00\" \/>\n<meta name=\"twitter:card\" content=\"summary_large_image\" \/>\n<script type=\"application\/ld+json\" class=\"yoast-schema-graph\">{\"@context\":\"https:\/\/schema.org\",\"@graph\":[{\"@type\":\"WebPage\",\"@id\":\"https:\/\/transtechinnovations.com\/en\/bus-projects\/\",\"url\":\"https:\/\/transtechinnovations.com\/en\/bus-projects\/\",\"name\":\"Our Bus Projects | Transtech Innovations\",\"isPartOf\":{\"@id\":\"https:\/\/transtechinnovations.com\/en\/#website\"},\"datePublished\":\"2023-09-01T18:25:44+00:00\",\"dateModified\":\"2023-09-07T17:46:53+00:00\",\"description\":\"Transtech Innovations offre une grande vari\u00e9t\u00e9 de produits durables destin\u00e9s \u00e0 l'industrie des v\u00e9hicules de transport terrestre. Tant pour un dispositif de commande standardis\u00e9 de train, une unit\u00e9 de commande d\u2019autobus personnalis\u00e9e ou tout autre dispositif \u00e9lectronique, laissez-nous d\u00e9velopper une solution adapt\u00e9e sp\u00e9cifiquement \u00e0 vos besoins.\",\"breadcrumb\":{\"@id\":\"https:\/\/transtechinnovations.com\/en\/bus-projects\/#breadcrumb\"},\"inLanguage\":\"en-US\",\"potentialAction\":[{\"@type\":\"ReadAction\",\"target\":[\"https:\/\/transtechinnovations.com\/en\/bus-projects\/\"]}]},{\"@type\":\"BreadcrumbList\",\"@id\":\"https:\/\/transtechinnovations.com\/en\/bus-projects\/#breadcrumb\",\"itemListElement\":[{\"@type\":\"ListItem\",\"position\":1,\"name\":\"Home\",\"item\":\"https:\/\/transtechinnovations.com\/en\/\"},{\"@type\":\"ListItem\",\"position\":2,\"name\":\"Our Bus Projects\"}]},{\"@type\":\"WebSite\",\"@id\":\"https:\/\/transtechinnovations.com\/en\/#website\",\"url\":\"https:\/\/transtechinnovations.com\/en\/\",\"name\":\"Transtech Innovations\",\"description\":\"\",\"publisher\":{\"@id\":\"https:\/\/transtechinnovations.com\/en\/#organization\"},\"potentialAction\":[{\"@type\":\"SearchAction\",\"target\":{\"@type\":\"EntryPoint\",\"urlTemplate\":\"https:\/\/transtechinnovations.com\/en\/?s={search_term_string}\"},\"query-input\":\"required name=search_term_string\"}],\"inLanguage\":\"en-US\"},{\"@type\":\"Organization\",\"@id\":\"https:\/\/transtechinnovations.com\/en\/#organization\",\"name\":\"Transtech Innovations\",\"alternateName\":\"Transtech\",\"url\":\"https:\/\/transtechinnovations.com\/en\/\",\"logo\":{\"@type\":\"ImageObject\",\"inLanguage\":\"en-US\",\"@id\":\"https:\/\/transtechinnovations.com\/en\/#\/schema\/logo\/image\/\",\"url\":\"https:\/\/transtechinnovations.com\/wp-content\/uploads\/2023\/12\/icone-transtech.jpg\",\"contentUrl\":\"https:\/\/transtechinnovations.com\/wp-content\/uploads\/2023\/12\/icone-transtech.jpg\",\"width\":800,\"height\":800,\"caption\":\"Transtech Innovations\"},\"image\":{\"@id\":\"https:\/\/transtechinnovations.com\/en\/#\/schema\/logo\/image\/\"},\"sameAs\":[\"https:\/\/www.facebook.com\/transtechinnovations.fb\",\"https:\/\/ca.linkedin.com\/company\/transtech-innovations\"]}]}<\/script>\n<!-- \/ Yoast SEO plugin. -->","yoast_head_json":{"title":"Our Bus Projects | Transtech Innovations","description":"Transtech Innovations offre une grande vari\u00e9t\u00e9 de produits durables destin\u00e9s \u00e0 l'industrie des v\u00e9hicules de transport terrestre. Tant pour un dispositif de commande standardis\u00e9 de train, une unit\u00e9 de commande d\u2019autobus personnalis\u00e9e ou tout autre dispositif \u00e9lectronique, laissez-nous d\u00e9velopper une solution adapt\u00e9e sp\u00e9cifiquement \u00e0 vos besoins.","robots":{"index":"index","follow":"follow","max-snippet":"max-snippet:-1","max-image-preview":"max-image-preview:large","max-video-preview":"max-video-preview:-1"},"canonical":"https:\/\/transtechinnovations.com\/en\/bus-projects\/","og_locale":"en_US","og_type":"article","og_title":"Our Bus Projects | Transtech Innovations","og_description":"Transtech Innovations offre une grande vari\u00e9t\u00e9 de produits durables destin\u00e9s \u00e0 l'industrie des v\u00e9hicules de transport terrestre. Tant pour un dispositif de commande standardis\u00e9 de train, une unit\u00e9 de commande d\u2019autobus personnalis\u00e9e ou tout autre dispositif \u00e9lectronique, laissez-nous d\u00e9velopper une solution adapt\u00e9e sp\u00e9cifiquement \u00e0 vos besoins.","og_url":"https:\/\/transtechinnovations.com\/en\/bus-projects\/","og_site_name":"Transtech Innovations","article_publisher":"https:\/\/www.facebook.com\/transtechinnovations.fb","article_modified_time":"2023-09-07T17:46:53+00:00","twitter_card":"summary_large_image","schema":{"@context":"https:\/\/schema.org","@graph":[{"@type":"WebPage","@id":"https:\/\/transtechinnovations.com\/en\/bus-projects\/","url":"https:\/\/transtechinnovations.com\/en\/bus-projects\/","name":"Our Bus Projects | Transtech Innovations","isPartOf":{"@id":"https:\/\/transtechinnovations.com\/en\/#website"},"datePublished":"2023-09-01T18:25:44+00:00","dateModified":"2023-09-07T17:46:53+00:00","description":"Transtech Innovations offre une grande vari\u00e9t\u00e9 de produits durables destin\u00e9s \u00e0 l'industrie des v\u00e9hicules de transport terrestre. Tant pour un dispositif de commande standardis\u00e9 de train, une unit\u00e9 de commande d\u2019autobus personnalis\u00e9e ou tout autre dispositif \u00e9lectronique, laissez-nous d\u00e9velopper une solution adapt\u00e9e sp\u00e9cifiquement \u00e0 vos besoins.","breadcrumb":{"@id":"https:\/\/transtechinnovations.com\/en\/bus-projects\/#breadcrumb"},"inLanguage":"en-US","potentialAction":[{"@type":"ReadAction","target":["https:\/\/transtechinnovations.com\/en\/bus-projects\/"]}]},{"@type":"BreadcrumbList","@id":"https:\/\/transtechinnovations.com\/en\/bus-projects\/#breadcrumb","itemListElement":[{"@type":"ListItem","position":1,"name":"Home","item":"https:\/\/transtechinnovations.com\/en\/"},{"@type":"ListItem","position":2,"name":"Our Bus Projects"}]},{"@type":"WebSite","@id":"https:\/\/transtechinnovations.com\/en\/#website","url":"https:\/\/transtechinnovations.com\/en\/","name":"Transtech Innovations","description":"","publisher":{"@id":"https:\/\/transtechinnovations.com\/en\/#organization"},"potentialAction":[{"@type":"SearchAction","target":{"@type":"EntryPoint","urlTemplate":"https:\/\/transtechinnovations.com\/en\/?s={search_term_string}"},"query-input":"required name=search_term_string"}],"inLanguage":"en-US"},{"@type":"Organization","@id":"https:\/\/transtechinnovations.com\/en\/#organization","name":"Transtech Innovations","alternateName":"Transtech","url":"https:\/\/transtechinnovations.com\/en\/","logo":{"@type":"ImageObject","inLanguage":"en-US","@id":"https:\/\/transtechinnovations.com\/en\/#\/schema\/logo\/image\/","url":"https:\/\/transtechinnovations.com\/wp-content\/uploads\/2023\/12\/icone-transtech.jpg","contentUrl":"https:\/\/transtechinnovations.com\/wp-content\/uploads\/2023\/12\/icone-transtech.jpg","width":800,"height":800,"caption":"Transtech Innovations"},"image":{"@id":"https:\/\/transtechinnovations.com\/en\/#\/schema\/logo\/image\/"},"sameAs":["https:\/\/www.facebook.com\/transtechinnovations.fb","https:\/\/ca.linkedin.com\/company\/transtech-innovations"]}]}},"_links":{"self":[{"href":"https:\/\/transtechinnovations.com\/en\/wp-json\/wp\/v2\/pages\/205","targetHints":{"allow":["GET"]}}],"collection":[{"href":"https:\/\/transtechinnovations.com\/en\/wp-json\/wp\/v2\/pages"}],"about":[{"href":"https:\/\/transtechinnovations.com\/en\/wp-json\/wp\/v2\/types\/page"}],"author":[{"embeddable":true,"href":"https:\/\/transtechinnovations.com\/en\/wp-json\/wp\/v2\/users\/2"}],"replies":[{"embeddable":true,"href":"https:\/\/transtechinnovations.com\/en\/wp-json\/wp\/v2\/comments?post=205"}],"version-history":[{"count":4,"href":"https:\/\/transtechinnovations.com\/en\/wp-json\/wp\/v2\/pages\/205\/revisions"}],"predecessor-version":[{"id":570,"href":"https:\/\/transtechinnovations.com\/en\/wp-json\/wp\/v2\/pages\/205\/revisions\/570"}],"wp:attachment":[{"href":"https:\/\/transtechinnovations.com\/en\/wp-json\/wp\/v2\/media?parent=205"}],"curies":[{"name":"wp","href":"https:\/\/api.w.org\/{rel}","templated":true}]}}